{"id":77,"date":"2017-02-11T17:38:29","date_gmt":"2017-02-11T17:38:29","guid":{"rendered":"http:\/\/hinro-internet.de\/mussong?page_id=2"},"modified":"2021-02-04T12:30:11","modified_gmt":"2021-02-04T10:30:11","slug":"unsere-leistungen","status":"publish","type":"page","link":"http:\/\/www.mussongbau.de\/?page_id=77","title":{"rendered":"Unsere Leistungen"},"content":{"rendered":"<p style=\"padding-left: 30px;\"><span style=\"font-family: Comic Sans MS,sans-serif; font-size: 24pt;\">Unsere Leistungen<\/span><\/p>\n<p><span style=\"font-family: Comic Sans MS,sans-serif; font-size: 14pt;\">Unser T\u00e4tigkeitsbereich sind Baggerarbeiten aller Art, z.B.:<\/span><\/p>\n<p><span style=\"font-family: Comic Sans MS,sans-serif; font-size: 14pt;\">-Aushub von Baugruben inkl. Entsorgung des anfallenden Materials<\/span><\/p>\n<p><span style=\"font-family: Comic Sans MS,sans-serif; font-size: 14pt;\">-Auff\u00fcllungen aus Schotter f\u00fcr Bodenplatten oder Pflasterfl\u00e4chen<\/span><\/p>\n<p><span style=\"font-family: Comic Sans MS,sans-serif; font-size: 14pt;\">-Abbrucharbeiten von Beton und Mauerwerk bis zu kleineren Geb\u00e4uden<\/span><\/p>\n<p><span style=\"font-family: Comic Sans MS,sans-serif; font-size: 14pt;\">-Freilegen von Kellerw\u00e4nden und Abdichtungsarbeiten<\/span><\/p>\n<p><span style=\"font-family: Comic Sans MS,sans-serif; font-size: 14pt;\">-Aushub von Gr\u00e4ben aller Art inkl. Verlegung von Kanalrohren und Drainage<\/span><\/p>\n<p><span style=\"font-family: Comic Sans MS,sans-serif; font-size: 14pt;\">-Kanalanschl\u00fcsse auch im \u00f6ffentlichen Bereich<\/span><\/p>\n<p><span style=\"font-family: Comic Sans MS,sans-serif; font-size: 14pt;\">-Lieferung von Natursteinen und Erstellung von Natursteinmauern<\/span><\/p>\n<p><span style=\"font-family: Comic Sans MS,sans-serif; font-size: 14pt;\">-Winkelmauern inkl. Ausschachtungs- und Hinterf\u00fcllarbeiten<\/span><\/p>\n<p><span style=\"font-family: Comic Sans MS,sans-serif; font-size: 14pt;\">-Mauern aus Betonwerkstein, Palisaden oder Gabionenk\u00f6rben<\/span><\/p>\n<p><span style=\"font-family: Comic Sans MS,sans-serif; font-size: 14pt;\">-Treppenanlagen aus Betonstein<\/span><\/p>\n<p><span style=\"font-family: Comic Sans MS,sans-serif; font-size: 14pt;\">-Pflasterarbeiten<\/span><\/p>\n<p><span style=\"font-family: Comic Sans MS,sans-serif; font-size: 14pt;\">-Rodung von Hecken und B\u00e4umen inkl. Entsorgung des anfallenden Materials<\/span><\/p>\n<p><span style=\"font-family: Comic Sans MS,sans-serif; font-size: 14pt;\">-Zaunbau, mit unserem Erdbohrer als Baggeranbau sind Zaunl\u00f6cher im Nu gebohrt<\/span><\/p>\n<p><span style=\"font-family: Comic Sans MS,sans-serif; font-size: 14pt;\">-Spaltung von Kurz- und Langholz mit unserem Kegelspalter als Baggeranbau<\/span><\/p>\n<p><span style=\"font-family: Comic Sans MS,sans-serif; font-size: 14pt;\">-Kleinere Bodenplatten f\u00fcr Garagen, Anbauten etc\u2026.<\/span><\/p>\n<p><span style=\"font-family: Comic Sans MS,sans-serif; font-size: 14pt;\">-Unser Maschinenpark umfasst Bagger von 1,0 bis 8,5 to. Einsatzgewicht, der kleine f\u00e4hrt bei einer Breite von nur 75 cm sogar durch fast jede T\u00fcr.<\/span><\/p>\n<p><span style=\"font-family: Comic Sans MS,sans-serif; font-size: 14pt;\">-Weiterhin liefern wir kosteng\u00fcnstig verschiedene Sch\u00fcttg\u00fcter wie Sand, Schotter, Splitt, Mutterboden, Rindenmulch etc\u2026.<\/span><\/p>\n<p><span style=\"font-family: Comic Sans MS,sans-serif; font-size: 14pt;\">-Mit unserem 32 to. Zug k\u00f6nnen wir bis 20 to. Material pro Fahrt entsorgen bzw. liefern.<\/span><\/p>\n","protected":false},"excerpt":{"rendered":"<p>Unsere Leistungen Unser T\u00e4tigkeitsbereich sind Baggerarbeiten aller Art, z.B.: -Aushub von Baugruben inkl. Entsorgung des anfallenden Materials -Auff\u00fcllungen aus Schotter f\u00fcr Bodenplatten oder Pflasterfl\u00e4chen -Abbrucharbeiten von Beton und Mauerwerk bis zu kleineren Geb\u00e4uden -Freilegen von Kellerw\u00e4nden und Abdichtungsarbeiten -Aushub von Gr\u00e4ben aller Art inkl. Verlegung von Kanalrohren und Drainage -Kanalanschl\u00fcsse auch im \u00f6ffentlichen Bereich -Lieferung [&hellip;]<\/p>\n","protected":false},"author":1,"featured_media":0,"parent":0,"menu_order":0,"comment_status":"closed","ping_status":"open","template":"","meta":{"footnotes":""},"class_list":["post-77","page","type-page","status-publish","hentry"],"_links":{"self":[{"href":"http:\/\/www.mussongbau.de\/index.php?rest_route=\/wp\/v2\/pages\/77"}],"collection":[{"href":"http:\/\/www.mussongbau.de\/index.php?rest_route=\/wp\/v2\/pages"}],"about":[{"href":"http:\/\/www.mussongbau.de\/index.php?rest_route=\/wp\/v2\/types\/page"}],"author":[{"embeddable":true,"href":"http:\/\/www.mussongbau.de\/index.php?rest_route=\/wp\/v2\/users\/1"}],"replies":[{"embeddable":true,"href":"http:\/\/www.mussongbau.de\/index.php?rest_route=%2Fwp%2Fv2%2Fcomments&post=77"}],"version-history":[{"count":5,"href":"http:\/\/www.mussongbau.de\/index.php?rest_route=\/wp\/v2\/pages\/77\/revisions"}],"predecessor-version":[{"id":154,"href":"http:\/\/www.mussongbau.de\/index.php?rest_route=\/wp\/v2\/pages\/77\/revisions\/154"}],"wp:attachment":[{"href":"http:\/\/www.mussongbau.de\/index.php?rest_route=%2Fwp%2Fv2%2Fmedia&parent=77"}],"curies":[{"name":"wp","href":"https:\/\/api.w.org\/{rel}","templated":true}]}}