{"id":67,"date":"2017-03-06T23:04:11","date_gmt":"2017-03-06T22:04:11","guid":{"rendered":"http:\/\/hinro-internet.de\/mussong\/?page_id=67"},"modified":"2024-08-20T22:30:53","modified_gmt":"2024-08-20T20:30:53","slug":"impressum","status":"publish","type":"page","link":"http:\/\/www.mussongbau.de\/?page_id=67","title":{"rendered":"Impressum"},"content":{"rendered":"<p style=\"padding-left: 30px;\"><span style=\"font-family: Comic Sans MS,sans-serif; font-size: 24pt;\">Impressum \/ Datenschutzerkl\u00e4rung<br \/>\n<\/span><\/p>\n<p><span style=\"font-size: 14pt;\"><strong>Angaben Betreiber:<\/strong><\/span><\/p>\n<p><span style=\"font-size: 14pt;\"><strong>Eigent\u00fcmer der Internetseite:<\/strong><\/span><\/p>\n<p><span style=\"font-size: 14pt;\"><strong>Dirk Mussong<\/strong><\/span><br \/>\n<span style=\"font-size: 14pt;\"><strong> Tief- und Landschaftsbau GmbH &amp; Co. KG<\/strong><\/span><br \/>\n<span style=\"font-size: 14pt;\"> Forsthausstr. 3<\/span><\/p>\n<p><span style=\"font-size: 14pt;\">35232 Dautphetal<\/span><\/p>\n<p><span style=\"font-size: 14pt;\"><strong>Tel. \u00a0 0 64 68 \/ 91 25 32<\/strong><\/span><\/p>\n<p><span style=\"font-size: 14pt;\">E-Mail: <span style=\"color: #ff0000;\"><a href=\"mailto:dirkmussong@gmx.de\"><span style=\"color: #ff0000;\">dirkmussong@gmx.de<\/span><\/a><\/span><\/span><\/p>\n<p><span style=\"font-size: 14pt;\">vertreten durch den Gesch\u00e4ftsf\u00fchrer Dirk Mussong<\/span><\/p>\n<p><span style=\"font-size: 14pt;\">Handelsregister Marburg HRA 4942<\/span><br \/>\n<span style=\"font-size: 14pt;\"> Steuernr.: 006 312 30033<\/span><br \/>\n<span style=\"font-size: 14pt;\"><br \/>\n<\/span><\/p>\n<p><span style=\"font-size: 14pt;\">Gestaltung der Internetseite: HinRo Internet \u2013 Rolf Hinrichs<\/span><br \/>\n<span style=\"font-size: 14pt;\"> Nordlandstr. 4, 26506 Norden<\/span><br \/>\n<span style=\"font-size: 14pt;\"> Tel. 0 49 31 \/ 9 55 90 79<\/span><br \/>\n<span style=\"font-size: 14pt;\"> www.HinRo.de<\/span><\/p>\n<div id=\"blockno44336051\" class=\"block_inner clearfix\">\n<div class=\"block b7type text_only clearfix\">\n<div id=\"block-44336051-text\" class=\" SignBlock0 selEffect \">\n<p><strong>Streitschlichtung<\/strong><br \/>\nDie Europ\u00e4ische Kommission stellt eine Plattform zur Online-Streitbeilegung (OS) bereit:<br \/>\nhttps:\/\/ec.europa.eu\/consumers\/odr<br \/>\nUnsere E-Mail-Adresse finden Sie oben im Impressum.<br \/>\nWir sind nicht bereit oder verpflichtet, an Streitbeilegungsverfahren vor einer<br \/>\nVerbraucherschlichtungsstelle teilzunehmen.<br \/>\n<strong>Haftung f\u00fcr Inhalte<\/strong><br \/>\nAls Diensteanbieter sind wir f\u00fcr eigene Inhalte auf diesen Seiten nach den allgemeinen Gesetzen verantwortlich. Als Diensteanbieter sind wir jedoch nicht verpflichtet, \u00fcbermittelte oder gespeicherte fremde Informationen zu \u00fcberwachen oder nach Umst\u00e4nden zu forschen, die auf eine rechtswidrige T\u00e4tigkeit hinweisen.<br \/>\nVerpflichtungen zur Entfernung oder Sperrung der Nutzung von Informationen nach den allgemeinen Gesetzen bleiben hiervon unber\u00fchrt. Eine diesbez\u00fcgliche Haftung ist jedoch erst ab dem Zeitpunkt der Kenntnis einer konkreten Rechtsverletzung m\u00f6glich. Bei Bekanntwerden von entsprechenden Rechtsverletzungen werden wir diese Inhalte umgehend entfernen.<br \/>\n<strong>Haftung f\u00fcr Links<\/strong><br \/>\nUnser Angebot enth\u00e4lt Links zu externen Websites Dritter, auf deren Inhalte wir keinen Einfluss haben.<br \/>\nDeshalb k\u00f6nnen wir f\u00fcr diese fremden Inhalte auch keine Gew\u00e4hr \u00fcbernehmen. F\u00fcr die Inhalte der verlinkten Seiten ist stets der jeweilige Anbieter oder Betreiber der Seiten verantwortlich. Die verlinkten Seiten wurden zum Zeitpunkt der Verlinkung auf m\u00f6gliche Rechtsverst\u00f6\u00dfe \u00fcberpr\u00fcft. Rechtswidrige Inhalte waren zum Zeitpunkt der Verlinkung nicht erkennbar.<br \/>\nEine permanente inhaltliche Kontrolle der verlinkten Seiten ist jedoch ohne konkrete Anhaltspunkte einer Rechtsverletzung nicht zumutbar. Bei Bekanntwerden von Rechtsverletzungen werden wir derartige Links umgehend entfernen.<br \/>\n<strong>Urheberrecht<\/strong><br \/>\nDie durch die Seitenbetreiber erstellten Inhalte und Werke auf diesen Seiten unterliegen dem deutschen Urheberrecht. Die Vervielf\u00e4ltigung, Bearbeitung, Verbreitung und jede Art der Verwertung au\u00dferhalb der Grenzen des Urheberrechtes bed\u00fcrfen der schriftlichen Zustimmung des jeweiligen Autors bzw. Erstellers. Downloads und Kopien dieser Seite sind nur f\u00fcr den privaten, nicht kommerziellen Gebrauch gestattet.<br \/>\nSoweit die Inhalte auf dieser Seite nicht vom Betreiber erstellt wurden, werden die Urheberrechte Dritter beachtet. Insbesondere werden Inhalte Dritter als solche gekennzeichnet. Sollten Sie trotzdem auf eine Urheberrechtsverletzung aufmerksam werden, bitten wir um einen entsprechenden Hinweis. Bei Bekanntwerden von Rechtsverletzungen werden wir derartige Inhalte umgehend entfernen.<\/p>\n<p><strong>Rechtswirksamkeit dieses Haftungsausschlusses\u00a0<\/strong><br \/>\nSofern Teile oder einzelne Formulierungen dieses Textes der geltenden Rechtslage nicht, nicht mehr oder nicht vollst\u00e4ndig entsprechen sollten, bleiben die \u00fcbrigen Teile des Dokumentes in ihrem Inhalt und ihrer G\u00fcltigkeit davon unber\u00fchrt.<br \/>\n<strong>Rechte Dritter, Homepagezugeh\u00f6rigkeit<\/strong><br \/>\nSollten wir mit den Inhalten dieser Homepage gegen Rechte Dritter versto\u00dfen, so teilen Sie uns dies bitte umgehend per Mail mit. Email an: <a href=\"mailto:internet@hinro.de\">internet(at)hinro.de<\/a>\u00a0. Damit sollte Ihnen ausreichend Gelegenheit gegeben sein, uns auch ohne rechtsanwaltliche Hilfe Ihre Bedenken mitzuteilen. Dies gilt insbesondere f\u00fcr die verantwortlichen Personen, die &#8222;Massen-Abmahnungen&#8220; verschicken. Dies ist hier nicht notwendig, da wir jederzeit und ohne Widerstand bereit sind, Ihre berechtigt beanstandeten Interessen zu wahren.<strong>\u00a0<\/strong><\/p>\n<\/div>\n<\/div>\n<\/div>\n<div id=\"blockno44335231\" class=\"block_inner clearfix\">\n<div class=\"block b7type text_only clearfix\">\n<div id=\"block-44335231-text\" class=\" SignBlock0 selEffect \">\n<p><strong>Datenschutzerkl\u00e4rung<\/strong><br \/>\n<strong>Datenschutz<\/strong><br \/>\nDie Betreiber dieser Seiten nehmen den Schutz Ihrer pers\u00f6nlichen Daten sehr ernst. Wir behandeln Ihre personenbezogenen Daten vertraulich und entsprechend der gesetzlichen Datenschutzvorschriften sowie dieser Datenschutzerkl\u00e4rung.<br \/>\nDie Nutzung unserer Website ist in der Regel ohne Angabe personenbezogener Daten m\u00f6glich. Soweit auf unseren Seiten personenbezogene Daten (beispielsweise Name, Anschrift oder E-Mail-Adressen) erhoben werden, erfolgt dies, soweit m\u00f6glich, stets auf freiwilliger Basis. Diese Daten werden ohne Ihre ausdr\u00fcckliche Zustimmung nicht an Dritte weitergegeben.<br \/>\nWir weisen darauf hin, dass die Daten\u00fcbertragung im Internet (z.B. bei der Kommunikation per E-Mail) Sicherheitsl\u00fccken aufweisen kann. Ein l\u00fcckenloser Schutz der Daten vor dem Zugriff durch Dritte ist nicht m\u00f6glich.<br \/>\n<strong>Cookies<\/strong><br \/>\nDie Internetseiten verwenden teilweise so genannte Cookies. Cookies richten auf Ihrem Rechner keinen Schaden an und enthalten keine Viren. Cookies dienen dazu, unser Angebot nutzerfreundlicher, effektiver und sicherer zu machen. Cookies sind kleine Textdateien, die auf Ihrem Rechner abgelegt werden und die Ihr Browser speichert.<br \/>\nDie meisten der von uns verwendeten Cookies sind so genannte \u201eSession-Cookies\u201c. Sie werden nach Ende Ihres Besuchs automatisch gel\u00f6scht. Andere Cookies bleiben auf Ihrem Endger\u00e4t gespeichert, bis Sie diese l\u00f6schen. Diese Cookies erm\u00f6glichen es uns, Ihren Browser beim n\u00e4chsten Besuch wiederzuerkennen.<br \/>\nSie k\u00f6nnen Ihren Browser so einstellen, dass Sie \u00fcber das Setzen von Cookies informiert werden und Cookies nur im Einzelfall erlauben, die Annahme von Cookies f\u00fcr bestimmte F\u00e4lle oder generell ausschlie\u00dfen sowie das automatische L\u00f6schen der Cookies beim Schlie\u00dfen des Browser aktivieren. Bei der Deaktivierung von Cookies kann die Funktionalit\u00e4t dieser Website eingeschr\u00e4nkt sein.<br \/>\n<strong>Server-Log-Files<\/strong><br \/>\nDer Provider der Seiten erhebt und speichert automatisch Informationen in so genannten Server-Log Files, die Ihr Browser automatisch an uns \u00fcbermittelt. Dies sind:<br \/>\nBrowsertyp und Browserversion<br \/>\nverwendetes Betriebssystem<br \/>\nReferrer URL<br \/>\nHostname des zugreifenden Rechners<br \/>\nUhrzeit der Serveranfrage<br \/>\nDiese Daten sind nicht bestimmten Personen zuordenbar. Eine Zusammenf\u00fchrung dieser Daten mit anderen Datenquellen wird nicht vorgenommen. Wir behalten uns vor, diese Daten nachtr\u00e4glich zu pr\u00fcfen, wenn uns konkrete Anhaltspunkte f\u00fcr eine rechtswidrige Nutzung bekannt werden.<br \/>\n<strong>Recht auf Auskunft, L\u00f6schung, Sperrung<\/strong><br \/>\nSie haben jederzeit das Recht auf unentgeltliche Auskunft \u00fcber Ihre gespeicherten personenbezogenen Daten, deren Herkunft und Empf\u00e4nger und den Zweck der Datenverarbeitung sowie ein Recht auf Berichtigung, Sperrung oder L\u00f6schung dieser Daten. Hierzu sowie zu weiteren Fragen zum Thema personenbezogene Daten k\u00f6nnen Sie sich jederzeit unter der im Impressum angegebenen Adresse an uns wenden.<br \/>\n<strong>Widerspruch Werbe-Mails<\/strong><br \/>\nDer Nutzung von im Rahmen der Impressumspflicht ver\u00f6ffentlichten Kontaktdaten zur \u00dcbersendung von nicht ausdr\u00fccklich angeforderter Werbung und Informationsmaterialien wird hiermit widersprochen. Die Betreiber der Seiten behalten sich ausdr\u00fccklich rechtliche Schritte im Falle der unverlangten Zusendung von Werbeinformationen, etwa durch Spam-E-Mails, vor.<\/p>\n<\/div>\n<\/div>\n<\/div>\n","protected":false},"excerpt":{"rendered":"<p>Impressum \/ Datenschutzerkl\u00e4rung Angaben Betreiber: Eigent\u00fcmer der Internetseite: Dirk Mussong Tief- und Landschaftsbau GmbH &amp; Co. KG Forsthausstr. 3 35232 Dautphetal Tel. \u00a0 0 64 68 \/ 91 25 32 E-Mail: dirkmussong@gmx.de vertreten durch den Gesch\u00e4ftsf\u00fchrer Dirk Mussong Handelsregister Marburg HRA 4942 Steuernr.: 006 312 30033 Gestaltung der Internetseite: HinRo Internet \u2013 Rolf Hinrichs Nordlandstr. [&hellip;]<\/p>\n","protected":false},"author":1,"featured_media":0,"parent":0,"menu_order":0,"comment_status":"closed","ping_status":"closed","template":"","meta":{"footnotes":""},"class_list":["post-67","page","type-page","status-publish","hentry"],"_links":{"self":[{"href":"http:\/\/www.mussongbau.de\/index.php?rest_route=\/wp\/v2\/pages\/67"}],"collection":[{"href":"http:\/\/www.mussongbau.de\/index.php?rest_route=\/wp\/v2\/pages"}],"about":[{"href":"http:\/\/www.mussongbau.de\/index.php?rest_route=\/wp\/v2\/types\/page"}],"author":[{"embeddable":true,"href":"http:\/\/www.mussongbau.de\/index.php?rest_route=\/wp\/v2\/users\/1"}],"replies":[{"embeddable":true,"href":"http:\/\/www.mussongbau.de\/index.php?rest_route=%2Fwp%2Fv2%2Fcomments&post=67"}],"version-history":[{"count":6,"href":"http:\/\/www.mussongbau.de\/index.php?rest_route=\/wp\/v2\/pages\/67\/revisions"}],"predecessor-version":[{"id":158,"href":"http:\/\/www.mussongbau.de\/index.php?rest_route=\/wp\/v2\/pages\/67\/revisions\/158"}],"wp:attachment":[{"href":"http:\/\/www.mussongbau.de\/index.php?rest_route=%2Fwp%2Fv2%2Fmedia&parent=67"}],"curies":[{"name":"wp","href":"https:\/\/api.w.org\/{rel}","templated":true}]}}